{"id":2,"date":"2025-11-08T11:18:11","date_gmt":"2025-11-08T10:18:11","guid":{"rendered":"http:\/\/psychologue-accueil.fr\/?page_id=2"},"modified":"2025-11-09T21:10:40","modified_gmt":"2025-11-09T20:10:40","slug":"sample-page","status":"publish","type":"page","link":"https:\/\/psychologue-accueil.fr\/","title":{"rendered":"Maureen Tronel Burgali\u00e8res"},"content":{"rendered":"\n<h2 class=\"wp-block-heading has-text-color\" style=\"color:#2b75eb\">Psychologue Clinicienne<\/h2>\n\n\n\n<div class=\"wp-block-columns is-layout-flex wp-container-4\">\n<div class=\"wp-block-column is-vertically-aligned-center is-layout-flow\" style=\"flex-basis:66.66%\">\n<p>Je pratique depuis 10 ans dans le cadre de mon cabinet en lib\u00e9ral. Je travaille \u00e9galement depuis des ann\u00e9es pour des municipalit\u00e9s aupr\u00e8s des structures d&rsquo;accueil de la petite enfance. J&rsquo;accompagne les familles, les enfants et les \u00e9quipes. J&rsquo;ai \u00e9galement travaill\u00e9 dans un lieu de soutien \u00e0 la parentalit\u00e9 pendant 8 ans.<\/p>\n<\/div>\n\n\n\n<div class=\"wp-block-column is-layout-flow\" style=\"flex-basis:33.33%\">\n<figure class=\"wp-duotone-1c5fd9-fff-2 wp-block-image size-full is-resized\"><img decoding=\"async\" loading=\"lazy\" src=\"http:\/\/psychologue-accueil.fr\/wp-content\/uploads\/2025\/10\/Logo-Clement-Nougarede-14-1.webp\" alt=\"\" class=\"wp-image-133\" width=\"276\" height=\"170\"\/><\/figure>\n<\/div>\n<\/div>\n\n\n\n<div class=\"wp-block-group is-layout-constrained\"><div class=\"wp-block-group__inner-container\">\n<h4 class=\"wp-block-heading has-text-color\" style=\"color:#2b75eb\">Je propose:<\/h4>\n<\/div><\/div>\n\n\n\n<div class=\"wp-block-group is-horizontal is-content-justification-left is-nowrap is-layout-flex wp-container-6\">\n<p class=\"has-text-align-center\">Des psychoth\u00e9rapies pour les <strong>enfants<\/strong>, <strong>adolescents<\/strong>, <strong>adultes<\/strong> et <strong>familles<\/strong><\/p>\n<\/div>\n\n\n\n<hr class=\"wp-block-separator has-text-color has-alpha-channel-opacity has-background is-style-wide\" style=\"background-color:#d9e8fe;color:#d9e8fe\"\/>\n\n\n\n<p>Des entretiens de <strong>soutien \u00e0 la parentalit\u00e9<\/strong><\/p>\n\n\n\n<hr class=\"wp-block-separator has-text-color has-alpha-channel-opacity has-background is-style-wide\" style=\"background-color:#d9e8fe;color:#d9e8fe\"\/>\n\n\n\n<p>Animation de groupes <strong>d&rsquo;analyse de la pratique<\/strong><\/p>\n\n\n\n<hr class=\"wp-block-separator has-text-color has-alpha-channel-opacity has-background is-style-wide\" style=\"background-color:#d9e8fe;color:#d9e8fe\"\/>\n\n\n\n<div class=\"wp-block-cover aligncenter is-light\"><span aria-hidden=\"true\" class=\"wp-block-cover__background has-background-dim\"><\/span><img decoding=\"async\" loading=\"lazy\" width=\"1024\" height=\"754\" class=\"wp-block-cover__image-background wp-image-215\" alt=\"\" src=\"https:\/\/psychologue-accueil.fr\/wp-content\/uploads\/2025\/11\/Screenshot-2025-11-09-at-21.05.10-1024x754.png\" data-object-fit=\"cover\" srcset=\"https:\/\/psychologue-accueil.fr\/wp-content\/uploads\/2025\/11\/Screenshot-2025-11-09-at-21.05.10-1024x754.png 1024w, https:\/\/psychologue-accueil.fr\/wp-content\/uploads\/2025\/11\/Screenshot-2025-11-09-at-21.05.10-300x221.png 300w, https:\/\/psychologue-accueil.fr\/wp-content\/uploads\/2025\/11\/Screenshot-2025-11-09-at-21.05.10-768x565.png 768w, https:\/\/psychologue-accueil.fr\/wp-content\/uploads\/2025\/11\/Screenshot-2025-11-09-at-21.05.10-1536x1131.png 1536w, https:\/\/psychologue-accueil.fr\/wp-content\/uploads\/2025\/11\/Screenshot-2025-11-09-at-21.05.10.png 2016w\" sizes=\"(max-width: 1024px) 100vw, 1024px\" \/><div class=\"wp-block-cover__inner-container\">\n<p class=\"has-text-align-center has-large-font-size\"><\/p>\n<\/div><\/div>\n\n\n\n<p><strong>Mon<\/strong> <strong>cabinet<\/strong><br>Il se situe \u00e0 Saint Fargeau Ponthierry&nbsp; pr\u00e8s des villes de Melun, Boissettes, Chailly en Bi\u00e8res ou Seine Port &#8230;<\/p>\n\n\n\n<p>Vous pouvez me joindre au <strong>06 19 24 50 35<\/strong><\/p>\n","protected":false},"excerpt":{"rendered":"<p>Psychologue Clinicienne Je pratique depuis 10 ans dans le cadre de mon cabinet en lib\u00e9ral. Je travaille \u00e9galement depuis des ann\u00e9es pour des municipalit\u00e9s aupr\u00e8s des structures d&rsquo;accueil de la petite enfance. J&rsquo;accompagne les familles, les enfants et les \u00e9quipes. J&rsquo;ai \u00e9galement travaill\u00e9 dans un lieu de soutien \u00e0 la parentalit\u00e9 pendant 8 ans. Je &hellip; <a href=\"https:\/\/psychologue-accueil.fr\/\" class=\"more-link\">Continuer la lecture de <span class=\"screen-reader-text\">Maureen Tronel Burgali\u00e8res<\/span><\/a><\/p>\n","protected":false},"author":1,"featured_media":0,"parent":0,"menu_order":0,"comment_status":"closed","ping_status":"closed","template":"","meta":[],"_links":{"self":[{"href":"https:\/\/psychologue-accueil.fr\/index.php\/wp-json\/wp\/v2\/pages\/2"}],"collection":[{"href":"https:\/\/psychologue-accueil.fr\/index.php\/wp-json\/wp\/v2\/pages"}],"about":[{"href":"https:\/\/psychologue-accueil.fr\/index.php\/wp-json\/wp\/v2\/types\/page"}],"author":[{"embeddable":true,"href":"https:\/\/psychologue-accueil.fr\/index.php\/wp-json\/wp\/v2\/users\/1"}],"replies":[{"embeddable":true,"href":"https:\/\/psychologue-accueil.fr\/index.php\/wp-json\/wp\/v2\/comments?post=2"}],"version-history":[{"count":34,"href":"https:\/\/psychologue-accueil.fr\/index.php\/wp-json\/wp\/v2\/pages\/2\/revisions"}],"predecessor-version":[{"id":217,"href":"https:\/\/psychologue-accueil.fr\/index.php\/wp-json\/wp\/v2\/pages\/2\/revisions\/217"}],"wp:attachment":[{"href":"https:\/\/psychologue-accueil.fr\/index.php\/wp-json\/wp\/v2\/media?parent=2"}],"curies":[{"name":"wp","href":"https:\/\/api.w.org\/{rel}","templated":true}]}}